{"id":712,"date":"2023-04-18T10:20:55","date_gmt":"2023-04-18T08:20:55","guid":{"rendered":"https:\/\/podbielski.pl\/?page_id=712"},"modified":"2023-04-18T10:41:41","modified_gmt":"2023-04-18T08:41:41","slug":"kobalt","status":"publish","type":"page","link":"https:\/\/podbielski.pl\/en\/kobalt\/","title":{"rendered":"Cobalt"},"content":{"rendered":"<h2><b>Cobalt - element<\/b> paramount<\/h2>\n<p>It is an element belonging to the ferrous group, which enters the human body mainly through food. It is naturally found in meat, milk, corn, lettuce, cereal grains, spinach, cabbage and other green vegetables. It is worth noting here that the bioavailability of this mineral in food is low, at about 10%. For this reason<b> cobalt <\/b>It can also be supplemented, especially in the case of an unbalanced diet or other problems associated with the absorption of this micronutrient.<\/p>\n<p>Interestingly enough, <b>cobalt is an element <\/b>found in the body in trace amounts.  It is stored primarily in the liver, spleen, muscles, kidneys, pancreas and bones. Its excesses are excreted with urine.<\/p>\n<p>Despite its negligible presence in the human body, <b>cobalt <\/b>has extremely important functions in it, primarily related to its presence in vitamin B12. It is its central atom.<\/p>\n<h2><b>Cobalt - application\u00a0<\/b><\/h2>\n<p>There are many processes on which <b>cobalt <\/b>has beneficial effects. First of all, together with vitamin B12, it contributes to the proper functioning of the circulatory, nervous and digestive systems. Together they are involved in erythropoiesis that allows the multiplication and division of red blood cells.<\/p>\n<p><b>Cobalt in the body<\/b> It is also found in several enzymes. It has functions in the metabolism of nucleic acids, proteins and the production of folic acid. It also exhibits anti-cancer activities and has the effect of inhibiting their development. Its intake is one of the ways to support <a href=\"https:\/\/podbielski.pl\/en\/badania\/\">natural cancer treatment<\/a>. We encourage you to read the research on this topic.<\/p>\n<p>These are not all the beneficial properties of this micronutrient.<b> Cobalt is an element,<\/b> which also regulates appetite, supports the regenerative processes of the skin and has a positive effect on the immune system. Its supplementation is recommended for conditions such as blood circulation disorders of the lower extremities, varicose veins, phlebitis, food stasis, ulcers, for memory disorders, for swelling and inflammation of the joints, as well as to relieve menopausal symptoms and menstrual pain.<\/p>\n<h2><b>Cobalt in the body<\/b> - signs of deficiency<\/h2>\n<p>One of the signs of cobalt deficiency in the body is vitamin B12 deficiencies, as well as disorders related to the blood clotting process. Insufficient supplies of this element manifest themselves both physically and mentally. They manifest themselves in general weakness, apathy, underweight, pale skin, irritability, as well as problems with vision and balance.<\/p>\n<p><b>Cobalt is an element<\/b>, whose deficiencies are particularly prone to people on a plant-based diet. In this case, its careful supplementation is recommended to make up for any possible deficiencies.<\/p>\n<h2><b>Cobalt<\/b> and other micronutrients<\/h2>\n<p><b>Cobalt is an element<\/b>, which is the key ingredient in Dr. Podbielski's TP2 formula. It naturally supports the body's immunity and contributes to a more effective fight against cancer. It reveals its full potential in cooperation with other beneficial micronutrients, such as zinc, magnesium, copper and <a href=\"https:\/\/podbielski.pl\/en\/zelazo\/\">element of iron<\/a>, which are commonly referred to as \"minerals of life.\"<\/p>\n<p>For this reason, we also encourage you to read our other articles and see how to <a href=\"https:\/\/podbielski.pl\/en\/cynk\/\">effect of zinc<\/a> and <a href=\"https:\/\/podbielski.pl\/en\/magnez\/\">effects of magnesium<\/a> can positively affect health. We have also prepared materials describing <a href=\"https:\/\/podbielski.pl\/en\/miedz\/\">use of copper<\/a> and iron, which present the full beneficial properties of the elements in question. All the information we present is supported by current medical knowledge and can be fully relied upon.<\/p>\n<p>If you have any questions about the information posted on the site, we encourage you to contact our Foundation directly.<\/p>","protected":false},"excerpt":{"rendered":"<p>Cobalt - an element of great importance It is an element belonging to the ferrous group, which enters the human body mainly through food. It naturally occurs in <a href=\"https:\/\/podbielski.pl\/en\/kobalt\/\" class=\"more-link\">Read more...<\/a><\/p>","protected":false},"author":1,"featured_media":0,"parent":0,"menu_order":0,"comment_status":"closed","ping_status":"closed","template":"","meta":{"_acf_changed":false,"footnotes":""},"class_list":["post-712","page","type-page","status-publish","hentry"],"acf":[],"yoast_head":"<!-- This site is optimized with the Yoast SEO plugin v26.1.1 - https:\/\/yoast.com\/wordpress\/plugins\/seo\/ -->\n<title>Kobalt - Podbielski<\/title>\n<meta name=\"robots\" content=\"index, follow, max-snippet:-1, max-image-preview:large, max-video-preview:-1\" \/>\n<link rel=\"canonical\" href=\"https:\/\/podbielski.pl\/en\/kobalt\/\" \/>\n<meta property=\"og:locale\" content=\"en_US\" \/>\n<meta property=\"og:type\" content=\"article\" \/>\n<meta property=\"og:title\" content=\"Kobalt - Podbielski\" \/>\n<meta property=\"og:description\" content=\"Kobalt &#8211; pierwiastek o du\u017cym znaczeniu Jest to pierwiastek nale\u017c\u0105cy do grupy \u017celazowc\u00f3w, kt\u00f3ry trafia do organizmu cz\u0142owieka g\u0142\u00f3wnie za po\u015brednictwem po\u017cywienia. Naturalnie wyst\u0119puje w Czytaj dalej...\" \/>\n<meta property=\"og:url\" content=\"https:\/\/podbielski.pl\/en\/kobalt\/\" \/>\n<meta property=\"og:site_name\" content=\"Podbielski\" \/>\n<meta property=\"article:modified_time\" content=\"2023-04-18T08:41:41+00:00\" \/>\n<meta name=\"twitter:card\" content=\"summary_large_image\" \/>\n<meta name=\"twitter:label1\" content=\"Est. reading time\" \/>\n\t<meta name=\"twitter:data1\" content=\"4 minutes\" \/>\n<script type=\"application\/ld+json\" class=\"yoast-schema-graph\">{\"@context\":\"https:\/\/schema.org\",\"@graph\":[{\"@type\":\"WebPage\",\"@id\":\"https:\/\/podbielski.pl\/kobalt\/\",\"url\":\"https:\/\/podbielski.pl\/kobalt\/\",\"name\":\"Kobalt - Podbielski\",\"isPartOf\":{\"@id\":\"https:\/\/podbielski.pl\/#website\"},\"datePublished\":\"2023-04-18T08:20:55+00:00\",\"dateModified\":\"2023-04-18T08:41:41+00:00\",\"breadcrumb\":{\"@id\":\"https:\/\/podbielski.pl\/kobalt\/#breadcrumb\"},\"inLanguage\":\"en-US\",\"potentialAction\":[{\"@type\":\"ReadAction\",\"target\":[\"https:\/\/podbielski.pl\/kobalt\/\"]}]},{\"@type\":\"BreadcrumbList\",\"@id\":\"https:\/\/podbielski.pl\/kobalt\/#breadcrumb\",\"itemListElement\":[{\"@type\":\"ListItem\",\"position\":1,\"name\":\"Strona g\u0142\u00f3wna\",\"item\":\"https:\/\/podbielski.pl\/\"},{\"@type\":\"ListItem\",\"position\":2,\"name\":\"Kobalt\"}]},{\"@type\":\"WebSite\",\"@id\":\"https:\/\/podbielski.pl\/#website\",\"url\":\"https:\/\/podbielski.pl\/\",\"name\":\"Podbielski\",\"description\":\"\",\"potentialAction\":[{\"@type\":\"SearchAction\",\"target\":{\"@type\":\"EntryPoint\",\"urlTemplate\":\"https:\/\/podbielski.pl\/?s={search_term_string}\"},\"query-input\":{\"@type\":\"PropertyValueSpecification\",\"valueRequired\":true,\"valueName\":\"search_term_string\"}}],\"inLanguage\":\"en-US\"}]}<\/script>\n<!-- \/ Yoast SEO plugin. -->","yoast_head_json":{"title":"Kobalt - Podbielski","robots":{"index":"index","follow":"follow","max-snippet":"max-snippet:-1","max-image-preview":"max-image-preview:large","max-video-preview":"max-video-preview:-1"},"canonical":"https:\/\/podbielski.pl\/en\/kobalt\/","og_locale":"en_US","og_type":"article","og_title":"Kobalt - Podbielski","og_description":"Kobalt &#8211; pierwiastek o du\u017cym znaczeniu Jest to pierwiastek nale\u017c\u0105cy do grupy \u017celazowc\u00f3w, kt\u00f3ry trafia do organizmu cz\u0142owieka g\u0142\u00f3wnie za po\u015brednictwem po\u017cywienia. Naturalnie wyst\u0119puje w Czytaj dalej...","og_url":"https:\/\/podbielski.pl\/en\/kobalt\/","og_site_name":"Podbielski","article_modified_time":"2023-04-18T08:41:41+00:00","twitter_card":"summary_large_image","twitter_misc":{"Est. reading time":"4 minutes"},"schema":{"@context":"https:\/\/schema.org","@graph":[{"@type":"WebPage","@id":"https:\/\/podbielski.pl\/kobalt\/","url":"https:\/\/podbielski.pl\/kobalt\/","name":"Kobalt - Podbielski","isPartOf":{"@id":"https:\/\/podbielski.pl\/#website"},"datePublished":"2023-04-18T08:20:55+00:00","dateModified":"2023-04-18T08:41:41+00:00","breadcrumb":{"@id":"https:\/\/podbielski.pl\/kobalt\/#breadcrumb"},"inLanguage":"en-US","potentialAction":[{"@type":"ReadAction","target":["https:\/\/podbielski.pl\/kobalt\/"]}]},{"@type":"BreadcrumbList","@id":"https:\/\/podbielski.pl\/kobalt\/#breadcrumb","itemListElement":[{"@type":"ListItem","position":1,"name":"Strona g\u0142\u00f3wna","item":"https:\/\/podbielski.pl\/"},{"@type":"ListItem","position":2,"name":"Kobalt"}]},{"@type":"WebSite","@id":"https:\/\/podbielski.pl\/#website","url":"https:\/\/podbielski.pl\/","name":"Podbielski","description":"","potentialAction":[{"@type":"SearchAction","target":{"@type":"EntryPoint","urlTemplate":"https:\/\/podbielski.pl\/?s={search_term_string}"},"query-input":{"@type":"PropertyValueSpecification","valueRequired":true,"valueName":"search_term_string"}}],"inLanguage":"en-US"}]}},"_links":{"self":[{"href":"https:\/\/podbielski.pl\/en\/wp-json\/wp\/v2\/pages\/712","targetHints":{"allow":["GET"]}}],"collection":[{"href":"https:\/\/podbielski.pl\/en\/wp-json\/wp\/v2\/pages"}],"about":[{"href":"https:\/\/podbielski.pl\/en\/wp-json\/wp\/v2\/types\/page"}],"author":[{"embeddable":true,"href":"https:\/\/podbielski.pl\/en\/wp-json\/wp\/v2\/users\/1"}],"replies":[{"embeddable":true,"href":"https:\/\/podbielski.pl\/en\/wp-json\/wp\/v2\/comments?post=712"}],"version-history":[{"count":3,"href":"https:\/\/podbielski.pl\/en\/wp-json\/wp\/v2\/pages\/712\/revisions"}],"predecessor-version":[{"id":742,"href":"https:\/\/podbielski.pl\/en\/wp-json\/wp\/v2\/pages\/712\/revisions\/742"}],"wp:attachment":[{"href":"https:\/\/podbielski.pl\/en\/wp-json\/wp\/v2\/media?parent=712"}],"curies":[{"name":"wp","href":"https:\/\/api.w.org\/{rel}","templated":true}]}}